{"id":476,"date":"2026-01-02T09:09:11","date_gmt":"2026-01-02T07:09:11","guid":{"rendered":"https:\/\/firsttelemed.com\/?post_type=product&#038;p=476"},"modified":"2026-01-22T10:53:43","modified_gmt":"2026-01-22T08:53:43","slug":"pediatrics-video","status":"publish","type":"product","link":"https:\/\/firsttelemed.com\/hu\/termek\/pediatrics-video\/","title":{"rendered":"Pediatrics Telemedicine"},"content":{"rendered":"<p>FirstTelemed is a virtual healthcare service that lets you communicate with our doctors and receive medical advice whenever you need it from any location. Connect with your pediatrician via video call to discuss any health issues. The platform will help diagnose your child&#8217;s problems and get prescriptions in the comfort of your home.<\/p>","protected":false},"excerpt":{"rendered":"<p class=\" translation-block\">20 perces, gyermekgy\u00f3gy\u00e1sszal t\u00f6rt\u00e9n\u0151, egy panaszt mag\u00e1ba foglal\u00f3 konzult\u00e1ci\u00f3<\/p>","protected":false},"featured_media":434,"template":"","meta":[],"product_cat":[53,42],"product_tag":[],"class_list":{"0":"post-476","1":"product","2":"type-product","3":"status-publish","4":"has-post-thumbnail","6":"product_cat-cash","7":"product_cat-pediatrics","9":"first","10":"instock","11":"downloadable","12":"virtual","13":"sold-individually","14":"purchasable","15":"product-type-simple"},"_links":{"self":[{"href":"https:\/\/firsttelemed.com\/hu\/wp-json\/wp\/v2\/product\/476"}],"collection":[{"href":"https:\/\/firsttelemed.com\/hu\/wp-json\/wp\/v2\/product"}],"about":[{"href":"https:\/\/firsttelemed.com\/hu\/wp-json\/wp\/v2\/types\/product"}],"version-history":[{"count":7,"href":"https:\/\/firsttelemed.com\/hu\/wp-json\/wp\/v2\/product\/476\/revisions"}],"predecessor-version":[{"id":17811,"href":"https:\/\/firsttelemed.com\/hu\/wp-json\/wp\/v2\/product\/476\/revisions\/17811"}],"wp:featuredmedia":[{"embeddable":true,"href":"https:\/\/firsttelemed.com\/hu\/wp-json\/wp\/v2\/media\/434"}],"wp:attachment":[{"href":"https:\/\/firsttelemed.com\/hu\/wp-json\/wp\/v2\/media?parent=476"}],"wp:term":[{"taxonomy":"product_cat","embeddable":true,"href":"https:\/\/firsttelemed.com\/hu\/wp-json\/wp\/v2\/product_cat?post=476"},{"taxonomy":"product_tag","embeddable":true,"href":"https:\/\/firsttelemed.com\/hu\/wp-json\/wp\/v2\/product_tag?post=476"}],"curies":[{"name":"wp","href":"https:\/\/api.w.org\/{rel}","templated":true}]}}