{"id":1406,"date":"2025-01-02T07:08:28","date_gmt":"2025-01-02T05:08:28","guid":{"rendered":"https:\/\/firsttelemed.com\/?post_type=product&#038;p=1406"},"modified":"2026-01-15T15:23:51","modified_gmt":"2026-01-15T13:23:51","slug":"psychiatry-member","status":"publish","type":"product","link":"https:\/\/firsttelemed.com\/hu\/termek\/psychiatry-member\/","title":{"rendered":"Psychiatry Telemedicine &#8211; Value Card"},"content":{"rendered":"<p>Telemedicine was originally designed to treat patients located in remote places, far from local health facilities or in areas short on medical professionals. While telemedicine can still be used to solve these issues, the current global <a href=\"https:\/\/firstmedcenters.com\/2020\/03\/12\/covid-19-news\/\" target=\"_blank\" rel=\"noopener noreferrer\">COVID-19 <\/a>crisis makes it\u00a0easy to see how telemedicine efficiently gets you speaking with your doctor without having to leave your home.<\/p>","protected":false},"excerpt":{"rendered":"<p class=\" translation-block\">Egy \u00f3r\u00e1s vide\u00f3 konzult\u00e1ci\u00f3 pszichol\u00f3gus\u00e1val\/ pszichi\u00e1ter\u00e9vel<\/p>\n<p>If this is your first visit, it must be booked over the phone for 9o-min. Please call +36 1 224 9090<\/p>","protected":false},"featured_media":2255,"template":"","meta":[],"product_cat":[46,50],"product_tag":[],"class_list":{"0":"post-1406","1":"product","2":"type-product","3":"status-publish","4":"has-post-thumbnail","6":"product_cat-psychiatry","7":"product_cat-value-card","9":"first","10":"instock","11":"downloadable","12":"virtual","13":"sold-individually","14":"purchasable","15":"product-type-simple"},"_links":{"self":[{"href":"https:\/\/firsttelemed.com\/hu\/wp-json\/wp\/v2\/product\/1406"}],"collection":[{"href":"https:\/\/firsttelemed.com\/hu\/wp-json\/wp\/v2\/product"}],"about":[{"href":"https:\/\/firsttelemed.com\/hu\/wp-json\/wp\/v2\/types\/product"}],"version-history":[{"count":5,"href":"https:\/\/firsttelemed.com\/hu\/wp-json\/wp\/v2\/product\/1406\/revisions"}],"predecessor-version":[{"id":20012,"href":"https:\/\/firsttelemed.com\/hu\/wp-json\/wp\/v2\/product\/1406\/revisions\/20012"}],"wp:featuredmedia":[{"embeddable":true,"href":"https:\/\/firsttelemed.com\/hu\/wp-json\/wp\/v2\/media\/2255"}],"wp:attachment":[{"href":"https:\/\/firsttelemed.com\/hu\/wp-json\/wp\/v2\/media?parent=1406"}],"wp:term":[{"taxonomy":"product_cat","embeddable":true,"href":"https:\/\/firsttelemed.com\/hu\/wp-json\/wp\/v2\/product_cat?post=1406"},{"taxonomy":"product_tag","embeddable":true,"href":"https:\/\/firsttelemed.com\/hu\/wp-json\/wp\/v2\/product_tag?post=1406"}],"curies":[{"name":"wp","href":"https:\/\/api.w.org\/{rel}","templated":true}]}}