{"id":1393,"date":"2025-01-02T09:22:36","date_gmt":"2025-01-02T07:22:36","guid":{"rendered":"https:\/\/firsttelemed.com\/?post_type=product&#038;p=1393"},"modified":"2025-01-02T10:40:56","modified_gmt":"2025-01-02T08:40:56","slug":"mental-health-video-member","status":"publish","type":"product","link":"https:\/\/firsttelemed.com\/hu\/termek\/mental-health-video-member\/","title":{"rendered":"Psychology Telemedicine &#8211; Member"},"content":{"rendered":"<p>FirstTelemed is a virtual healthcare service that lets you communicate with our doctors and receive medical advice whenever you need it from any location. Connect with your psychologist via video call to discuss any issues. The platform will help you diagnose your problems and get prescriptions in the comfort of your home.<\/p>","protected":false},"excerpt":{"rendered":"<p class=\" translation-block\">Egy \u00f3r\u00e1s vide\u00f3 konzult\u00e1ci\u00f3 pszichol\u00f3gus\u00e1val\/ pszichi\u00e1ter\u00e9vel<\/p>","protected":false},"featured_media":1318,"template":"","meta":[],"product_cat":[47],"product_tag":[],"class_list":{"0":"post-1393","1":"product","2":"type-product","3":"status-publish","4":"has-post-thumbnail","6":"product_cat-psychology","8":"first","9":"instock","10":"sale","11":"downloadable","12":"virtual","13":"sold-individually","14":"purchasable","15":"product-type-simple"},"_links":{"self":[{"href":"https:\/\/firsttelemed.com\/hu\/wp-json\/wp\/v2\/product\/1393"}],"collection":[{"href":"https:\/\/firsttelemed.com\/hu\/wp-json\/wp\/v2\/product"}],"about":[{"href":"https:\/\/firsttelemed.com\/hu\/wp-json\/wp\/v2\/types\/product"}],"version-history":[{"count":4,"href":"https:\/\/firsttelemed.com\/hu\/wp-json\/wp\/v2\/product\/1393\/revisions"}],"predecessor-version":[{"id":17837,"href":"https:\/\/firsttelemed.com\/hu\/wp-json\/wp\/v2\/product\/1393\/revisions\/17837"}],"wp:featuredmedia":[{"embeddable":true,"href":"https:\/\/firsttelemed.com\/hu\/wp-json\/wp\/v2\/media\/1318"}],"wp:attachment":[{"href":"https:\/\/firsttelemed.com\/hu\/wp-json\/wp\/v2\/media?parent=1393"}],"wp:term":[{"taxonomy":"product_cat","embeddable":true,"href":"https:\/\/firsttelemed.com\/hu\/wp-json\/wp\/v2\/product_cat?post=1393"},{"taxonomy":"product_tag","embeddable":true,"href":"https:\/\/firsttelemed.com\/hu\/wp-json\/wp\/v2\/product_tag?post=1393"}],"curies":[{"name":"wp","href":"https:\/\/api.w.org\/{rel}","templated":true}]}}