{"id":1690,"date":"2020-05-01T06:06:39","date_gmt":"2020-05-01T06:06:39","guid":{"rendered":"https:\/\/firsttelemed.com\/?page_id=1690"},"modified":"2025-08-28T19:15:28","modified_gmt":"2025-08-28T17:15:28","slug":"mental-health","status":"publish","type":"page","link":"https:\/\/firsttelemed.com\/hu\/mental-health\/","title":{"rendered":"Ment\u00e1lis eg\u00e9szs\u00e9g"},"content":{"rendered":"<div data-elementor-type=\"wp-page\" data-elementor-id=\"1690\" class=\"elementor elementor-1690\">\n\t\t\t\t\t\t<section class=\"elementor-section elementor-top-section elementor-element elementor-element-5cd3b39d elementor-section-height-min-height elementor-section-boxed elementor-section-height-default elementor-section-items-middle\" data-id=\"5cd3b39d\" data-element_type=\"section\" data-e-type=\"section\" data-settings=\"{&quot;background_background&quot;:&quot;classic&quot;}\">\n\t\t\t\t\t\t\t<div class=\"elementor-background-overlay\"><\/div>\n\t\t\t\t\t\t\t<div class=\"elementor-container elementor-column-gap-default\">\n\t\t\t\t\t<div class=\"elementor-column elementor-col-50 elementor-top-column elementor-element elementor-element-713c82b7\" data-id=\"713c82b7\" data-element_type=\"column\" data-e-type=\"column\">\n\t\t\t<div class=\"elementor-widget-wrap elementor-element-populated\">\n\t\t\t\t\t\t<div class=\"elementor-element elementor-element-7f46a5d8 elementor-widget elementor-widget-heading\" data-id=\"7f46a5d8\" data-element_type=\"widget\" data-e-type=\"widget\" data-widget_type=\"heading.default\">\n\t\t\t\t<div class=\"elementor-widget-container\">\n\t\t\t\t\t<h4 class=\"elementor-heading-title elementor-size-large\">Ment\u00e1lis eg\u00e9szs\u00e9g<\/h4>\t\t\t\t<\/div>\n\t\t\t\t<\/div>\n\t\t\t\t<div class=\"elementor-element elementor-element-50ffd04b elementor-widget elementor-widget-text-editor\" data-id=\"50ffd04b\" data-element_type=\"widget\" data-e-type=\"widget\" data-widget_type=\"text-editor.default\">\n\t\t\t\t<div class=\"elementor-widget-container\">\n\t\t\t\t\t\t\t\t\t<p>Amennyiben gondolkozik, hogy pszichol\u00f3gust vagy pszichi\u00e1tert szeretne l\u00e1tni, ez annak a jele, hogy el\u0151t\u00e9rbe helyezi a ment\u00e1lis eg\u00e9szs\u00e9g\u00e9t. K\u00f6vetkez\u0151 l\u00e9p\u00e9sben el kell d\u00f6nteni, hogy a kett\u0151 k\u00f6z\u00fcl melyik\u00fck seg\u00edts\u00e9g\u00e9re van sz\u00fcks\u00e9ge.<\/p>\t\t\t\t\t\t\t\t<\/div>\n\t\t\t\t<\/div>\n\t\t\t\t<div class=\"elementor-element elementor-element-71c82f72 elementor-mobile-align-center commerce elementor-widget elementor-widget-button\" data-id=\"71c82f72\" data-element_type=\"widget\" data-e-type=\"widget\" id=\"commerce\" data-widget_type=\"button.default\">\n\t\t\t\t<div class=\"elementor-widget-container\">\n\t\t\t\t\t\t\t\t\t<div class=\"elementor-button-wrapper\">\n\t\t\t\t\t<a class=\"elementor-button elementor-size-lg\" role=\"button\">\n\t\t\t\t\t\t<span class=\"elementor-button-content-wrapper\">\n\t\t\t\t\t\t\t\t\t<span class=\"elementor-button-text\">Foglaljon id\u0151pontot Telemedicina konzult\u00e1ci\u00f3ra<\/span>\n\t\t\t\t\t<\/span>\n\t\t\t\t\t<\/a>\n\t\t\t\t<\/div>\n\t\t\t\t\t\t\t\t<\/div>\n\t\t\t\t<\/div>\n\t\t\t\t\t<\/div>\n\t\t<\/div>\n\t\t\t\t<div class=\"elementor-column elementor-col-50 elementor-top-column elementor-element elementor-element-abafcb\" data-id=\"abafcb\" data-element_type=\"column\" data-e-type=\"column\">\n\t\t\t<div class=\"elementor-widget-wrap elementor-element-populated\">\n\t\t\t\t\t\t<div class=\"elementor-element elementor-element-6b6b83d3 elementor-invisible elementor-widget elementor-widget-image\" data-id=\"6b6b83d3\" data-element_type=\"widget\" data-e-type=\"widget\" data-settings=\"{&quot;_animation&quot;:&quot;fadeInRight&quot;}\" data-widget_type=\"image.default\">\n\t\t\t\t<div class=\"elementor-widget-container\">\n\t\t\t\t\t\t\t\t\t\t\t\t\t\t\t<img fetchpriority=\"high\" decoding=\"async\" width=\"2880\" height=\"1620\" src=\"https:\/\/firsttelemed.com\/wp-content\/uploads\/2020\/05\/Orange-and-Bluegreen-Autsim-Facebook-Event-Cover-4.png\" class=\"attachment-full size-full wp-image-1795\" alt=\"\" srcset=\"https:\/\/firsttelemed.com\/wp-content\/uploads\/2020\/05\/Orange-and-Bluegreen-Autsim-Facebook-Event-Cover-4.png 2880w, https:\/\/firsttelemed.com\/wp-content\/uploads\/2020\/05\/Orange-and-Bluegreen-Autsim-Facebook-Event-Cover-4-600x338.png 600w, https:\/\/firsttelemed.com\/wp-content\/uploads\/2020\/05\/Orange-and-Bluegreen-Autsim-Facebook-Event-Cover-4-300x169.png 300w, https:\/\/firsttelemed.com\/wp-content\/uploads\/2020\/05\/Orange-and-Bluegreen-Autsim-Facebook-Event-Cover-4-1024x576.png 1024w, https:\/\/firsttelemed.com\/wp-content\/uploads\/2020\/05\/Orange-and-Bluegreen-Autsim-Facebook-Event-Cover-4-768x432.png 768w, https:\/\/firsttelemed.com\/wp-content\/uploads\/2020\/05\/Orange-and-Bluegreen-Autsim-Facebook-Event-Cover-4-1536x864.png 1536w, https:\/\/firsttelemed.com\/wp-content\/uploads\/2020\/05\/Orange-and-Bluegreen-Autsim-Facebook-Event-Cover-4-2048x1152.png 2048w\" sizes=\"(max-width: 2880px) 100vw, 2880px\" \/>\t\t\t\t\t\t\t\t\t\t\t\t\t\t\t<\/div>\n\t\t\t\t<\/div>\n\t\t\t\t\t<\/div>\n\t\t<\/div>\n\t\t\t\t\t<\/div>\n\t\t<\/section>\n\t\t\t\t<section class=\"elementor-section elementor-top-section elementor-element elementor-element-503230ef elementor-section-height-min-height elementor-section-items-stretch elementor-hidden-tablet elementor-hidden-phone elementor-section-boxed elementor-section-height-default\" data-id=\"503230ef\" data-element_type=\"section\" data-e-type=\"section\">\n\t\t\t\t\t\t<div class=\"elementor-container elementor-column-gap-default\">\n\t\t\t\t\t<div class=\"elementor-column elementor-col-100 elementor-top-column elementor-element elementor-element-7901cd0c\" data-id=\"7901cd0c\" data-element_type=\"column\" data-e-type=\"column\" data-settings=\"{&quot;background_background&quot;:&quot;classic&quot;}\">\n\t\t\t<div class=\"elementor-widget-wrap elementor-element-populated\">\n\t\t\t\t\t\t<section class=\"elementor-section elementor-inner-section elementor-element elementor-element-1b932ac7 elementor-section-boxed elementor-section-height-default elementor-section-height-default\" data-id=\"1b932ac7\" data-element_type=\"section\" data-e-type=\"section\">\n\t\t\t\t\t\t<div class=\"elementor-container elementor-column-gap-default\">\n\t\t\t\t\t<div class=\"elementor-column elementor-col-50 elementor-inner-column elementor-element elementor-element-2cffd750\" data-id=\"2cffd750\" data-element_type=\"column\" data-e-type=\"column\">\n\t\t\t<div class=\"elementor-widget-wrap elementor-element-populated\">\n\t\t\t\t\t\t<div class=\"elementor-element elementor-element-414a78b elementor-widget elementor-widget-heading\" data-id=\"414a78b\" data-element_type=\"widget\" data-e-type=\"widget\" data-widget_type=\"heading.default\">\n\t\t\t\t<div class=\"elementor-widget-container\">\n\t\t\t\t\t<h3 class=\"elementor-heading-title elementor-size-default\"><a href=\"#psych\">Pszichi\u00e1tria<\/a><\/h3>\t\t\t\t<\/div>\n\t\t\t\t<\/div>\n\t\t\t\t\t<\/div>\n\t\t<\/div>\n\t\t\t\t<div class=\"elementor-column elementor-col-50 elementor-inner-column elementor-element elementor-element-394255b0\" data-id=\"394255b0\" data-element_type=\"column\" data-e-type=\"column\">\n\t\t\t<div class=\"elementor-widget-wrap elementor-element-populated\">\n\t\t\t\t\t\t<div class=\"elementor-element elementor-element-64924ed8 elementor-widget elementor-widget-heading\" data-id=\"64924ed8\" data-element_type=\"widget\" data-e-type=\"widget\" data-widget_type=\"heading.default\">\n\t\t\t\t<div class=\"elementor-widget-container\">\n\t\t\t\t\t<h3 class=\"elementor-heading-title elementor-size-default\"><a href=\"#psychology\">Pszichol\u00f3gia<\/a><\/h3>\t\t\t\t<\/div>\n\t\t\t\t<\/div>\n\t\t\t\t\t<\/div>\n\t\t<\/div>\n\t\t\t\t\t<\/div>\n\t\t<\/section>\n\t\t\t\t\t<\/div>\n\t\t<\/div>\n\t\t\t\t\t<\/div>\n\t\t<\/section>\n\t\t\t\t<section class=\"elementor-section elementor-top-section elementor-element elementor-element-e4c5677 elementor-section-boxed elementor-section-height-default elementor-section-height-default\" data-id=\"e4c5677\" data-element_type=\"section\" data-e-type=\"section\">\n\t\t\t\t\t\t<div class=\"elementor-container elementor-column-gap-default\">\n\t\t\t\t\t<div class=\"elementor-column elementor-col-100 elementor-top-column elementor-element elementor-element-95a358a\" data-id=\"95a358a\" data-element_type=\"column\" data-e-type=\"column\">\n\t\t\t<div class=\"elementor-widget-wrap elementor-element-populated\">\n\t\t\t\t\t\t<div class=\"elementor-element elementor-element-660dc82 elementor-widget elementor-widget-spacer\" data-id=\"660dc82\" data-element_type=\"widget\" data-e-type=\"widget\" data-widget_type=\"spacer.default\">\n\t\t\t\t<div class=\"elementor-widget-container\">\n\t\t\t\t\t\t\t<div class=\"elementor-spacer\">\n\t\t\t<div class=\"elementor-spacer-inner\"><\/div>\n\t\t<\/div>\n\t\t\t\t\t\t<\/div>\n\t\t\t\t<\/div>\n\t\t\t\t\t<\/div>\n\t\t<\/div>\n\t\t\t\t\t<\/div>\n\t\t<\/section>\n\t\t\t\t<section class=\"elementor-section elementor-top-section elementor-element elementor-element-3d82bb6 elementor-section-content-middle elementor-section-boxed elementor-section-height-default elementor-section-height-default\" data-id=\"3d82bb6\" data-element_type=\"section\" data-e-type=\"section\" id=\"psych\" data-settings=\"{&quot;background_background&quot;:&quot;classic&quot;}\">\n\t\t\t\t\t\t<div class=\"elementor-container elementor-column-gap-no\">\n\t\t\t\t\t<div class=\"elementor-column elementor-col-100 elementor-top-column elementor-element elementor-element-b4e5fb5\" data-id=\"b4e5fb5\" data-element_type=\"column\" data-e-type=\"column\" data-settings=\"{&quot;background_background&quot;:&quot;slideshow&quot;,&quot;background_slideshow_gallery&quot;:[],&quot;background_slideshow_loop&quot;:&quot;yes&quot;,&quot;background_slideshow_slide_duration&quot;:5000,&quot;background_slideshow_slide_transition&quot;:&quot;fade&quot;,&quot;background_slideshow_transition_duration&quot;:500}\">\n\t\t\t<div class=\"elementor-widget-wrap elementor-element-populated\">\n\t\t\t\t\t\t<section class=\"elementor-section elementor-inner-section elementor-element elementor-element-7c7ba7e elementor-section-boxed elementor-section-height-default elementor-section-height-default\" data-id=\"7c7ba7e\" data-element_type=\"section\" data-e-type=\"section\">\n\t\t\t\t\t\t<div class=\"elementor-container elementor-column-gap-default\">\n\t\t\t\t\t<div class=\"elementor-column elementor-col-50 elementor-inner-column elementor-element elementor-element-e084044\" data-id=\"e084044\" data-element_type=\"column\" data-e-type=\"column\">\n\t\t\t<div class=\"elementor-widget-wrap elementor-element-populated\">\n\t\t\t\t\t\t<div class=\"elementor-element elementor-element-3a26e7c elementor-invisible elementor-widget elementor-widget-heading\" data-id=\"3a26e7c\" data-element_type=\"widget\" data-e-type=\"widget\" data-settings=\"{&quot;_animation&quot;:&quot;fadeInUp&quot;}\" data-widget_type=\"heading.default\">\n\t\t\t\t<div class=\"elementor-widget-container\">\n\t\t\t\t\t<h4 class=\"elementor-heading-title elementor-size-default\">Pszichi\u00e1tria<\/h4>\t\t\t\t<\/div>\n\t\t\t\t<\/div>\n\t\t\t\t<div class=\"elementor-element elementor-element-5533af1 elementor-widget-divider--view-line elementor-widget elementor-widget-divider\" data-id=\"5533af1\" data-element_type=\"widget\" data-e-type=\"widget\" data-widget_type=\"divider.default\">\n\t\t\t\t<div class=\"elementor-widget-container\">\n\t\t\t\t\t\t\t<div class=\"elementor-divider\">\n\t\t\t<span class=\"elementor-divider-separator\">\n\t\t\t\t\t\t<\/span>\n\t\t<\/div>\n\t\t\t\t\t\t<\/div>\n\t\t\t\t<\/div>\n\t\t\t\t<div class=\"elementor-element elementor-element-2f90628 elementor-widget elementor-widget-text-editor\" data-id=\"2f90628\" data-element_type=\"widget\" data-e-type=\"widget\" data-widget_type=\"text-editor.default\">\n\t\t\t\t<div class=\"elementor-widget-container\">\n\t\t\t\t\t\t\t\t\t<p>Psychiatry is the medical specialty devoted to the diagnosis, treatment, and prevention of mental, emotional, and behavioral disorders.\u00a0Our psychiatrists are board-certified physicians who can develop personalized treatment plans and recovery strategies, as well as prescribe medications.<\/p>\t\t\t\t\t\t\t\t<\/div>\n\t\t\t\t<\/div>\n\t\t\t\t\t<\/div>\n\t\t<\/div>\n\t\t\t\t<div class=\"elementor-column elementor-col-50 elementor-inner-column elementor-element elementor-element-f838606 elementor-hidden-tablet elementor-hidden-phone\" data-id=\"f838606\" data-element_type=\"column\" data-e-type=\"column\" data-settings=\"{&quot;background_background&quot;:&quot;classic&quot;}\">\n\t\t\t<div class=\"elementor-widget-wrap elementor-element-populated\">\n\t\t\t\t\t\t<div class=\"elementor-element elementor-element-3e4a977 elementor-hidden-tablet elementor-hidden-phone elementor-widget elementor-widget-image\" data-id=\"3e4a977\" data-element_type=\"widget\" data-e-type=\"widget\" data-widget_type=\"image.default\">\n\t\t\t\t<div class=\"elementor-widget-container\">\n\t\t\t\t\t\t\t\t\t\t\t\t\t\t\t<img decoding=\"async\" width=\"1080\" height=\"1080\" src=\"https:\/\/firsttelemed.com\/wp-content\/uploads\/2020\/05\/Light-Blue-Eggs-Easter-Sale-Instagram-Post-31.png\" class=\"attachment-full size-full wp-image-2563\" alt=\"\" srcset=\"https:\/\/firsttelemed.com\/wp-content\/uploads\/2020\/05\/Light-Blue-Eggs-Easter-Sale-Instagram-Post-31.png 1080w, https:\/\/firsttelemed.com\/wp-content\/uploads\/2020\/05\/Light-Blue-Eggs-Easter-Sale-Instagram-Post-31-300x300.png 300w, https:\/\/firsttelemed.com\/wp-content\/uploads\/2020\/05\/Light-Blue-Eggs-Easter-Sale-Instagram-Post-31-100x100.png 100w, https:\/\/firsttelemed.com\/wp-content\/uploads\/2020\/05\/Light-Blue-Eggs-Easter-Sale-Instagram-Post-31-600x600.png 600w, https:\/\/firsttelemed.com\/wp-content\/uploads\/2020\/05\/Light-Blue-Eggs-Easter-Sale-Instagram-Post-31-1024x1024.png 1024w, https:\/\/firsttelemed.com\/wp-content\/uploads\/2020\/05\/Light-Blue-Eggs-Easter-Sale-Instagram-Post-31-150x150.png 150w, https:\/\/firsttelemed.com\/wp-content\/uploads\/2020\/05\/Light-Blue-Eggs-Easter-Sale-Instagram-Post-31-768x768.png 768w\" sizes=\"(max-width: 1080px) 100vw, 1080px\" \/>\t\t\t\t\t\t\t\t\t\t\t\t\t\t\t<\/div>\n\t\t\t\t<\/div>\n\t\t\t\t\t<\/div>\n\t\t<\/div>\n\t\t\t\t\t<\/div>\n\t\t<\/section>\n\t\t\t\t<section class=\"elementor-section elementor-inner-section elementor-element elementor-element-fd15be8 elementor-section-boxed elementor-section-height-default elementor-section-height-default\" data-id=\"fd15be8\" data-element_type=\"section\" data-e-type=\"section\">\n\t\t\t\t\t\t<div class=\"elementor-container elementor-column-gap-default\">\n\t\t\t\t\t<div class=\"elementor-column elementor-col-100 elementor-inner-column elementor-element elementor-element-be73843\" data-id=\"be73843\" data-element_type=\"column\" data-e-type=\"column\">\n\t\t\t<div class=\"elementor-widget-wrap elementor-element-populated\">\n\t\t\t\t\t\t<div class=\"elementor-element elementor-element-85899e9 elementor-widget elementor-widget-text-editor\" data-id=\"85899e9\" data-element_type=\"widget\" data-e-type=\"widget\" data-widget_type=\"text-editor.default\">\n\t\t\t\t<div class=\"elementor-widget-container\">\n\t\t\t\t\t\t\t\t\t<ul><li>B\u00e1ntalmaz\u00e1s<\/li><li>F\u00fcgg\u0151s\u00e9g<\/li><li>D\u00fchkezel\u00e9s<\/li><li>Szorong\u00e1s<\/li><li>Bipol\u00e1ris zavar<\/li><li>M\u00e1sokt\u00f3l val\u00f3 f\u00fcgg\u00e9s<\/li><li>Figyelemzavar<\/li><li>Magatart\u00e1szavar<\/li><li>Kognit\u00edv rendelleness\u00e9g<\/li><li>Depresszi\u00f3<\/li><li>V\u00e1l\u00e1s<\/li><li>Csal\u00e1don bel\u00fcli er\u0151szak<\/li><li>\u00c9tkez\u00e9si zavarok<\/li><li>Munkahelyi probl\u00e9m\u00e1k<\/li><li>\u00c1lmatlans\u00e1g<\/li><li>LMBTQ probl\u00e9m\u00e1k<\/li><li>Gy\u00e1sz<\/li><li>Sz\u00fcl\u00e9s ut\u00e1ni depresszi\u00f3<\/li><li>Gy\u00f3gyszeres kezel\u00e9s<\/li><li>F\u00e9rfi probl\u00e9m\u00e1k<\/li><li>R\u00f6geszm\u00e9s k\u00e9nyszerbetegs\u00e9g<\/li><li>P\u00e1nikrohamok<\/li><li>Gyermeknevel\u00e9s<\/li><li>Teljes\u00edtm\u00e9ny jav\u00edt\u00e1sa<\/li><li>Kapcsolatok<\/li><li>Szexu\u00e1lis b\u00e1ntalmaz\u00e1s<\/li><li>Szexualit\u00e1s<\/li><li>Szoci\u00e1lis szorong\u00e1s\/f\u00f3bia<\/li><li>Stresszkezel\u00e9s<\/li><li>K\u00e1b\u00edt\u00f3szer-fogyaszt\u00e1s<\/li><li>Trauma\/Poszttraum\u00e1s stressz zavar<\/li><li>N\u0151i probl\u00e9m\u00e1k<\/li><li>\u00c9s sok minden m\u00e1s<\/li><\/ul>\t\t\t\t\t\t\t\t<\/div>\n\t\t\t\t<\/div>\n\t\t\t\t\t<\/div>\n\t\t<\/div>\n\t\t\t\t\t<\/div>\n\t\t<\/section>\n\t\t\t\t\t<\/div>\n\t\t<\/div>\n\t\t\t\t\t<\/div>\n\t\t<\/section>\n\t\t\t\t<section class=\"elementor-section elementor-top-section elementor-element elementor-element-7e1dd902 elementor-section-content-middle elementor-section-boxed elementor-section-height-default elementor-section-height-default\" data-id=\"7e1dd902\" data-element_type=\"section\" data-e-type=\"section\" id=\"psychology\" data-settings=\"{&quot;background_background&quot;:&quot;classic&quot;}\">\n\t\t\t\t\t\t<div class=\"elementor-container elementor-column-gap-no\">\n\t\t\t\t\t<div class=\"elementor-column elementor-col-100 elementor-top-column elementor-element elementor-element-cac9a6c\" data-id=\"cac9a6c\" data-element_type=\"column\" data-e-type=\"column\" data-settings=\"{&quot;background_background&quot;:&quot;slideshow&quot;,&quot;background_slideshow_gallery&quot;:[],&quot;background_slideshow_loop&quot;:&quot;yes&quot;,&quot;background_slideshow_slide_duration&quot;:5000,&quot;background_slideshow_slide_transition&quot;:&quot;fade&quot;,&quot;background_slideshow_transition_duration&quot;:500}\">\n\t\t\t<div class=\"elementor-widget-wrap elementor-element-populated\">\n\t\t\t\t\t\t<section class=\"elementor-section elementor-inner-section elementor-element elementor-element-972e8f9 elementor-section-boxed elementor-section-height-default elementor-section-height-default\" data-id=\"972e8f9\" data-element_type=\"section\" data-e-type=\"section\">\n\t\t\t\t\t\t<div class=\"elementor-container elementor-column-gap-default\">\n\t\t\t\t\t<div class=\"elementor-column elementor-col-50 elementor-inner-column elementor-element elementor-element-2180f642 elementor-hidden-tablet elementor-hidden-phone\" data-id=\"2180f642\" data-element_type=\"column\" data-e-type=\"column\" data-settings=\"{&quot;background_background&quot;:&quot;classic&quot;}\">\n\t\t\t<div class=\"elementor-widget-wrap elementor-element-populated\">\n\t\t\t\t\t\t<div class=\"elementor-element elementor-element-6c4bfa3c elementor-hidden-tablet elementor-hidden-phone elementor-widget elementor-widget-image\" data-id=\"6c4bfa3c\" data-element_type=\"widget\" data-e-type=\"widget\" data-widget_type=\"image.default\">\n\t\t\t\t<div class=\"elementor-widget-container\">\n\t\t\t\t\t\t\t\t\t\t\t\t\t\t\t<img decoding=\"async\" width=\"1080\" height=\"1080\" src=\"https:\/\/firsttelemed.com\/wp-content\/uploads\/2020\/05\/Light-Blue-Eggs-Easter-Sale-Instagram-Post-32.png\" class=\"attachment-full size-full wp-image-2564\" alt=\"\" srcset=\"https:\/\/firsttelemed.com\/wp-content\/uploads\/2020\/05\/Light-Blue-Eggs-Easter-Sale-Instagram-Post-32.png 1080w, https:\/\/firsttelemed.com\/wp-content\/uploads\/2020\/05\/Light-Blue-Eggs-Easter-Sale-Instagram-Post-32-300x300.png 300w, https:\/\/firsttelemed.com\/wp-content\/uploads\/2020\/05\/Light-Blue-Eggs-Easter-Sale-Instagram-Post-32-100x100.png 100w, https:\/\/firsttelemed.com\/wp-content\/uploads\/2020\/05\/Light-Blue-Eggs-Easter-Sale-Instagram-Post-32-600x600.png 600w, https:\/\/firsttelemed.com\/wp-content\/uploads\/2020\/05\/Light-Blue-Eggs-Easter-Sale-Instagram-Post-32-1024x1024.png 1024w, https:\/\/firsttelemed.com\/wp-content\/uploads\/2020\/05\/Light-Blue-Eggs-Easter-Sale-Instagram-Post-32-150x150.png 150w, https:\/\/firsttelemed.com\/wp-content\/uploads\/2020\/05\/Light-Blue-Eggs-Easter-Sale-Instagram-Post-32-768x768.png 768w\" sizes=\"(max-width: 1080px) 100vw, 1080px\" \/>\t\t\t\t\t\t\t\t\t\t\t\t\t\t\t<\/div>\n\t\t\t\t<\/div>\n\t\t\t\t\t<\/div>\n\t\t<\/div>\n\t\t\t\t<div class=\"elementor-column elementor-col-50 elementor-inner-column elementor-element elementor-element-8234b5\" data-id=\"8234b5\" data-element_type=\"column\" data-e-type=\"column\">\n\t\t\t<div class=\"elementor-widget-wrap elementor-element-populated\">\n\t\t\t\t\t\t<div class=\"elementor-element elementor-element-68f69d4d elementor-invisible elementor-widget elementor-widget-heading\" data-id=\"68f69d4d\" data-element_type=\"widget\" data-e-type=\"widget\" data-settings=\"{&quot;_animation&quot;:&quot;fadeInUp&quot;}\" data-widget_type=\"heading.default\">\n\t\t\t\t<div class=\"elementor-widget-container\">\n\t\t\t\t\t<h4 class=\"elementor-heading-title elementor-size-default\">Pszichol\u00f3gia<\/h4>\t\t\t\t<\/div>\n\t\t\t\t<\/div>\n\t\t\t\t<div class=\"elementor-element elementor-element-5c38bda3 elementor-widget-divider--view-line elementor-widget elementor-widget-divider\" data-id=\"5c38bda3\" data-element_type=\"widget\" data-e-type=\"widget\" data-widget_type=\"divider.default\">\n\t\t\t\t<div class=\"elementor-widget-container\">\n\t\t\t\t\t\t\t<div class=\"elementor-divider\">\n\t\t\t<span class=\"elementor-divider-separator\">\n\t\t\t\t\t\t<\/span>\n\t\t<\/div>\n\t\t\t\t\t\t<\/div>\n\t\t\t\t<\/div>\n\t\t\t\t<div class=\"elementor-element elementor-element-4e864b52 elementor-widget elementor-widget-text-editor\" data-id=\"4e864b52\" data-element_type=\"widget\" data-e-type=\"widget\" data-widget_type=\"text-editor.default\">\n\t\t\t\t<div class=\"elementor-widget-container\">\n\t\t\t\t\t\t\t\t\t<p>A pszichol\u00f3gia seg\u00edt a ment\u00e1lis fejl\u0151d\u00e9sben \u00e9s seg\u00edt v\u00e1ltoztatni rossz szok\u00e1sokon. Lehet\u0151s\u00e9get ad gondolatai \u00e9s \u00e9rzelmei \u00e1tbesz\u00e9l\u00e9s\u00e9re professzion\u00e1lis seg\u00edts\u00e9ggel.<\/p>\t\t\t\t\t\t\t\t<\/div>\n\t\t\t\t<\/div>\n\t\t\t\t\t<\/div>\n\t\t<\/div>\n\t\t\t\t\t<\/div>\n\t\t<\/section>\n\t\t\t\t<section class=\"elementor-section elementor-inner-section elementor-element elementor-element-199bc154 elementor-section-boxed elementor-section-height-default elementor-section-height-default\" data-id=\"199bc154\" data-element_type=\"section\" data-e-type=\"section\">\n\t\t\t\t\t\t<div class=\"elementor-container elementor-column-gap-default\">\n\t\t\t\t\t<div class=\"elementor-column elementor-col-100 elementor-inner-column elementor-element elementor-element-3db2fc93\" data-id=\"3db2fc93\" data-element_type=\"column\" data-e-type=\"column\">\n\t\t\t<div class=\"elementor-widget-wrap elementor-element-populated\">\n\t\t\t\t\t\t<div class=\"elementor-element elementor-element-dcb13a7 elementor-widget elementor-widget-text-editor\" data-id=\"dcb13a7\" data-element_type=\"widget\" data-e-type=\"widget\" data-widget_type=\"text-editor.default\">\n\t\t\t\t<div class=\"elementor-widget-container\">\n\t\t\t\t\t\t\t\t\t<ul><li>B\u00e1ntalmaz\u00e1s<\/li><li>F\u00fcgg\u0151s\u00e9g<\/li><li>ADHD\/ADD<\/li><li>D\u00fchkezel\u00e9s<\/li><li>Szorong\u00e1s<\/li><li>Bipol\u00e1ris zavar<\/li><li>Gondvisel\u0151i stressz<\/li><li>M\u00e1sokt\u00f3l val\u00f3 f\u00fcgg\u00e9s<\/li><li>Figyelemzavar<\/li><li>Magatart\u00e1szavar<\/li><li>Kognit\u00edv viselked\u00e9ster\u00e1pia<\/li><li>Depresszi\u00f3<\/li><li>V\u00e1l\u00e1s<\/li><li>Csal\u00e1don bel\u00fcli er\u0151szak\u00a0<\/li><li>\u00c9tkez\u00e9si zavarok<\/li><li>Munkahelyi probl\u00e9m\u00e1k<\/li><li>LMBTQ probl\u00e9m\u00e1k<\/li><li>Gy\u00e1sz<\/li><li>\u00c1lmatlans\u00e1g<\/li><li>Sz\u00fcl\u00e9s ut\u00e1ni depresszi\u00f3<\/li><li>Hangulatingadoz\u00e1s<\/li><li>F\u00e9rfi probl\u00e9m\u00e1k<\/li><li>R\u00f6geszm\u00e9s k\u00e9nyszerbetegs\u00e9g<\/li><li>P\u00e1nikrohamok<\/li><li>Gyermeknevel\u00e9s<\/li><li>Teljes\u00edtm\u00e9ny jav\u00edt\u00e1sa<\/li><li>Poszttraum\u00e1s stressz szindr\u00f3ma<\/li><li>Kapcsolatok<\/li><li>Szexu\u00e1lis b\u00e1ntalmaz\u00e1s<\/li><li>Szexualit\u00e1s<\/li><li>Spiritualit\u00e1s<\/li><li>Stresszkezel\u00e9s<\/li><li>K\u00e1b\u00edt\u00f3szer-fogyaszt\u00e1s<\/li><li>Trauma\u00a0<\/li><li>N\u0151i probl\u00e9m\u00e1k<\/li><li>\u00c9s sok minden m\u00e1s<\/li><\/ul>\t\t\t\t\t\t\t\t<\/div>\n\t\t\t\t<\/div>\n\t\t\t\t\t<\/div>\n\t\t<\/div>\n\t\t\t\t\t<\/div>\n\t\t<\/section>\n\t\t\t\t<div class=\"elementor-element elementor-element-b0e7349 elementor-widget elementor-widget-text-editor\" data-id=\"b0e7349\" data-element_type=\"widget\" data-e-type=\"widget\" data-widget_type=\"text-editor.default\">\n\t\t\t\t<div class=\"elementor-widget-container\">\n\t\t\t\t\t\t\t\t\t<h5>Telemedicine consultations are typically for mental health issues or concerns that don\u2019t need an in-person checkup at the clinic to diagnose and treat.\u00a0<\/h5>\t\t\t\t\t\t\t\t<\/div>\n\t\t\t\t<\/div>\n\t\t\t\t\t<\/div>\n\t\t<\/div>\n\t\t\t\t\t<\/div>\n\t\t<\/section>\n\t\t\t\t<\/div>","protected":false},"excerpt":{"rendered":"<p>Mental health If you are considering seeking out mental health care, it means you\u2019re prioritizing your well-being and health, and that deserves recognition. Moving forward, you should decide which kind of professional is most appropriate for your goals. Book a Telemedicine Consultation Psychiatry Psychology Psychiatry Psychiatry is the medical specialty devoted to the diagnosis, treatment, [&hellip;]<\/p>","protected":false},"author":1,"featured_media":0,"parent":0,"menu_order":0,"comment_status":"closed","ping_status":"closed","template":"elementor_header_footer","meta":{"footnotes":""},"class_list":["post-1690","page","type-page","status-publish","hentry"],"_links":{"self":[{"href":"https:\/\/firsttelemed.com\/hu\/wp-json\/wp\/v2\/pages\/1690"}],"collection":[{"href":"https:\/\/firsttelemed.com\/hu\/wp-json\/wp\/v2\/pages"}],"about":[{"href":"https:\/\/firsttelemed.com\/hu\/wp-json\/wp\/v2\/types\/page"}],"author":[{"embeddable":true,"href":"https:\/\/firsttelemed.com\/hu\/wp-json\/wp\/v2\/users\/1"}],"replies":[{"embeddable":true,"href":"https:\/\/firsttelemed.com\/hu\/wp-json\/wp\/v2\/comments?post=1690"}],"version-history":[{"count":96,"href":"https:\/\/firsttelemed.com\/hu\/wp-json\/wp\/v2\/pages\/1690\/revisions"}],"predecessor-version":[{"id":19915,"href":"https:\/\/firsttelemed.com\/hu\/wp-json\/wp\/v2\/pages\/1690\/revisions\/19915"}],"wp:attachment":[{"href":"https:\/\/firsttelemed.com\/hu\/wp-json\/wp\/v2\/media?parent=1690"}],"curies":[{"name":"wp","href":"https:\/\/api.w.org\/{rel}","templated":true}]}}