{"id":1672,"date":"2020-05-01T05:58:51","date_gmt":"2020-05-01T05:58:51","guid":{"rendered":"https:\/\/firsttelemed.com\/?page_id=1672"},"modified":"2020-08-12T10:05:33","modified_gmt":"2020-08-12T10:05:33","slug":"specialized-medicine","status":"publish","type":"page","link":"https:\/\/firsttelemed.com\/hu\/specialized-medicine\/","title":{"rendered":"Szakrendel\u00e9sek"},"content":{"rendered":"<div data-elementor-type=\"wp-page\" data-elementor-id=\"1672\" class=\"elementor elementor-1672\">\n\t\t\t\t\t\t<section class=\"elementor-section elementor-top-section elementor-element elementor-element-7b73155 elementor-section-height-min-height elementor-section-boxed elementor-section-height-default elementor-section-items-middle\" data-id=\"7b73155\" data-element_type=\"section\" data-e-type=\"section\" id=\"top\" data-settings=\"{&quot;background_background&quot;:&quot;classic&quot;,&quot;animation&quot;:&quot;none&quot;}\">\n\t\t\t\t\t\t\t<div class=\"elementor-background-overlay\"><\/div>\n\t\t\t\t\t\t\t<div class=\"elementor-container elementor-column-gap-default\">\n\t\t\t\t\t<div class=\"elementor-column elementor-col-50 elementor-top-column elementor-element elementor-element-247a2876\" data-id=\"247a2876\" data-element_type=\"column\" data-e-type=\"column\">\n\t\t\t<div class=\"elementor-widget-wrap elementor-element-populated\">\n\t\t\t\t\t\t<div class=\"elementor-element elementor-element-194bcc89 elementor-widget elementor-widget-heading\" data-id=\"194bcc89\" data-element_type=\"widget\" data-e-type=\"widget\" data-widget_type=\"heading.default\">\n\t\t\t\t<div class=\"elementor-widget-container\">\n\t\t\t\t\t<h4 class=\"elementor-heading-title elementor-size-large\">Szakrendel\u00e9sek<\/h4>\t\t\t\t<\/div>\n\t\t\t\t<\/div>\n\t\t\t\t<div class=\"elementor-element elementor-element-26d2342d elementor-widget elementor-widget-text-editor\" data-id=\"26d2342d\" data-element_type=\"widget\" data-e-type=\"widget\" data-widget_type=\"text-editor.default\">\n\t\t\t\t<div class=\"elementor-widget-container\">\n\t\t\t\t\t\t\t\t\t<p>Egyre t\u00f6bb beteg j\u00e1r probl\u00e9ma megel\u0151z\u00e9s szempontj\u00e1b\u00f3l orvoshoz, a vide\u00f3konzult\u00e1ci\u00f3 kiemelked\u0151en fontos r\u00e9sze lett a betegell\u00e1t\u00e1snak. A telemedicina alkalmas a rendszeres kontroll vizsg\u00e1latok lebonyol\u00edt\u00e1s\u00e1ra.<\/p>\t\t\t\t\t\t\t\t<\/div>\n\t\t\t\t<\/div>\n\t\t\t\t<div class=\"elementor-element elementor-element-52683e4d elementor-mobile-align-center elementor-tablet-align-center elementor-widget elementor-widget-button\" data-id=\"52683e4d\" data-element_type=\"widget\" data-e-type=\"widget\" id=\"commerce\" data-widget_type=\"button.default\">\n\t\t\t\t<div class=\"elementor-widget-container\">\n\t\t\t\t\t\t\t\t\t<div class=\"elementor-button-wrapper\">\n\t\t\t\t\t<a class=\"elementor-button elementor-size-lg\" role=\"button\">\n\t\t\t\t\t\t<span class=\"elementor-button-content-wrapper\">\n\t\t\t\t\t\t\t\t\t<span class=\"elementor-button-text\">Foglaljon id\u0151pontot<\/span>\n\t\t\t\t\t<\/span>\n\t\t\t\t\t<\/a>\n\t\t\t\t<\/div>\n\t\t\t\t\t\t\t\t<\/div>\n\t\t\t\t<\/div>\n\t\t\t\t\t<\/div>\n\t\t<\/div>\n\t\t\t\t<div class=\"elementor-column elementor-col-50 elementor-top-column elementor-element elementor-element-4b244757\" data-id=\"4b244757\" data-element_type=\"column\" data-e-type=\"column\">\n\t\t\t<div class=\"elementor-widget-wrap elementor-element-populated\">\n\t\t\t\t\t\t<div class=\"elementor-element elementor-element-43ea1f93 elementor-invisible elementor-widget elementor-widget-image\" data-id=\"43ea1f93\" data-element_type=\"widget\" data-e-type=\"widget\" data-settings=\"{&quot;_animation&quot;:&quot;fadeInRight&quot;}\" data-widget_type=\"image.default\">\n\t\t\t\t<div class=\"elementor-widget-container\">\n\t\t\t\t\t\t\t\t\t\t\t\t\t\t\t<img fetchpriority=\"high\" decoding=\"async\" width=\"800\" height=\"492\" src=\"https:\/\/firsttelemed.com\/wp-content\/uploads\/2020\/04\/Light-Blue-Eggs-Easter-Sale-Instagram-Post-11-e1588280923580-1024x630.png\" class=\"attachment-large size-large wp-image-1640\" alt=\"\" srcset=\"https:\/\/firsttelemed.com\/wp-content\/uploads\/2020\/04\/Light-Blue-Eggs-Easter-Sale-Instagram-Post-11-e1588280923580-1024x630.png 1024w, https:\/\/firsttelemed.com\/wp-content\/uploads\/2020\/04\/Light-Blue-Eggs-Easter-Sale-Instagram-Post-11-e1588280923580-600x369.png 600w, https:\/\/firsttelemed.com\/wp-content\/uploads\/2020\/04\/Light-Blue-Eggs-Easter-Sale-Instagram-Post-11-e1588280923580-300x184.png 300w, https:\/\/firsttelemed.com\/wp-content\/uploads\/2020\/04\/Light-Blue-Eggs-Easter-Sale-Instagram-Post-11-e1588280923580-768x472.png 768w, https:\/\/firsttelemed.com\/wp-content\/uploads\/2020\/04\/Light-Blue-Eggs-Easter-Sale-Instagram-Post-11-e1588280923580-1536x944.png 1536w, https:\/\/firsttelemed.com\/wp-content\/uploads\/2020\/04\/Light-Blue-Eggs-Easter-Sale-Instagram-Post-11-e1588280923580.png 1620w\" sizes=\"(max-width: 800px) 100vw, 800px\" \/>\t\t\t\t\t\t\t\t\t\t\t\t\t\t\t<\/div>\n\t\t\t\t<\/div>\n\t\t\t\t\t<\/div>\n\t\t<\/div>\n\t\t\t\t\t<\/div>\n\t\t<\/section>\n\t\t\t\t<section class=\"elementor-section elementor-top-section elementor-element elementor-element-4f340edf elementor-section-boxed elementor-section-height-default elementor-section-height-default\" data-id=\"4f340edf\" data-element_type=\"section\" data-e-type=\"section\">\n\t\t\t\t\t\t<div class=\"elementor-container elementor-column-gap-default\">\n\t\t\t\t\t<div class=\"elementor-column elementor-col-100 elementor-top-column elementor-element elementor-element-12cf3338\" data-id=\"12cf3338\" data-element_type=\"column\" data-e-type=\"column\">\n\t\t\t<div class=\"elementor-widget-wrap elementor-element-populated\">\n\t\t\t\t\t\t<div class=\"elementor-element elementor-element-5ffc50df elementor-invisible elementor-widget elementor-widget-heading\" data-id=\"5ffc50df\" data-element_type=\"widget\" data-e-type=\"widget\" data-settings=\"{&quot;_animation&quot;:&quot;fadeInUp&quot;}\" data-widget_type=\"heading.default\">\n\t\t\t\t<div class=\"elementor-widget-container\">\n\t\t\t\t\t<h2 class=\"elementor-heading-title elementor-size-default\">Szakorvosi ell\u00e1t\u00e1s a Telemedicin\u00e1val<\/h2>\t\t\t\t<\/div>\n\t\t\t\t<\/div>\n\t\t\t\t<div class=\"elementor-element elementor-element-5a956610 elementor-widget-divider--view-line elementor-widget elementor-widget-divider\" data-id=\"5a956610\" data-element_type=\"widget\" data-e-type=\"widget\" data-widget_type=\"divider.default\">\n\t\t\t\t<div class=\"elementor-widget-container\">\n\t\t\t\t\t\t\t<div class=\"elementor-divider\">\n\t\t\t<span class=\"elementor-divider-separator\">\n\t\t\t\t\t\t<\/span>\n\t\t<\/div>\n\t\t\t\t\t\t<\/div>\n\t\t\t\t<\/div>\n\t\t\t\t\t<\/div>\n\t\t<\/div>\n\t\t\t\t\t<\/div>\n\t\t<\/section>\n\t\t\t\t<section class=\"elementor-section elementor-top-section elementor-element elementor-element-547961d2 elementor-section-boxed elementor-section-height-default elementor-section-height-default\" data-id=\"547961d2\" data-element_type=\"section\" data-e-type=\"section\">\n\t\t\t\t\t\t<div class=\"elementor-container elementor-column-gap-wider\">\n\t\t\t\t\t<div class=\"elementor-column elementor-col-50 elementor-top-column elementor-element elementor-element-1be03ed8\" data-id=\"1be03ed8\" data-element_type=\"column\" data-e-type=\"column\">\n\t\t\t<div class=\"elementor-widget-wrap elementor-element-populated\">\n\t\t\t\t\t\t<div class=\"elementor-element elementor-element-0aaae4c elementor-position-left elementor-vertical-align-top elementor-invisible elementor-widget elementor-widget-image-box\" data-id=\"0aaae4c\" data-element_type=\"widget\" data-e-type=\"widget\" data-settings=\"{&quot;_animation&quot;:&quot;fadeInLeft&quot;}\" data-widget_type=\"image-box.default\">\n\t\t\t\t<div class=\"elementor-widget-container\">\n\t\t\t\t\t<div class=\"elementor-image-box-wrapper\"><figure class=\"elementor-image-box-img\"><img decoding=\"async\" width=\"1080\" height=\"1080\" src=\"https:\/\/firsttelemed.com\/wp-content\/uploads\/2020\/05\/Light-Blue-Eggs-Easter-Sale-Instagram-Post-20.png\" class=\"attachment-full size-full wp-image-2442\" alt=\"\" srcset=\"https:\/\/firsttelemed.com\/wp-content\/uploads\/2020\/05\/Light-Blue-Eggs-Easter-Sale-Instagram-Post-20.png 1080w, https:\/\/firsttelemed.com\/wp-content\/uploads\/2020\/05\/Light-Blue-Eggs-Easter-Sale-Instagram-Post-20-300x300.png 300w, https:\/\/firsttelemed.com\/wp-content\/uploads\/2020\/05\/Light-Blue-Eggs-Easter-Sale-Instagram-Post-20-100x100.png 100w, https:\/\/firsttelemed.com\/wp-content\/uploads\/2020\/05\/Light-Blue-Eggs-Easter-Sale-Instagram-Post-20-600x600.png 600w, https:\/\/firsttelemed.com\/wp-content\/uploads\/2020\/05\/Light-Blue-Eggs-Easter-Sale-Instagram-Post-20-1024x1024.png 1024w, https:\/\/firsttelemed.com\/wp-content\/uploads\/2020\/05\/Light-Blue-Eggs-Easter-Sale-Instagram-Post-20-150x150.png 150w, https:\/\/firsttelemed.com\/wp-content\/uploads\/2020\/05\/Light-Blue-Eggs-Easter-Sale-Instagram-Post-20-768x768.png 768w\" sizes=\"(max-width: 1080px) 100vw, 1080px\" \/><\/figure><div class=\"elementor-image-box-content\"><h3 class=\"elementor-image-box-title\">Kardiol\u00f3gia<\/h3><p class=\"elementor-image-box-description\">Folyamatos ell\u00e1t\u00e1st ig\u00e9nyl\u0151 sz\u00edv- \u00e9s \u00e9rrendszeri probl\u00e9m\u00e1k kezel\u00e9s\u00e9re.<\/p><\/div><\/div>\t\t\t\t<\/div>\n\t\t\t\t<\/div>\n\t\t\t\t<div class=\"elementor-element elementor-element-573820ed elementor-widget elementor-widget-spacer\" data-id=\"573820ed\" data-element_type=\"widget\" data-e-type=\"widget\" data-widget_type=\"spacer.default\">\n\t\t\t\t<div class=\"elementor-widget-container\">\n\t\t\t\t\t\t\t<div class=\"elementor-spacer\">\n\t\t\t<div class=\"elementor-spacer-inner\"><\/div>\n\t\t<\/div>\n\t\t\t\t\t\t<\/div>\n\t\t\t\t<\/div>\n\t\t\t\t<div class=\"elementor-element elementor-element-307abdf elementor-position-left elementor-vertical-align-top elementor-invisible elementor-widget elementor-widget-image-box\" data-id=\"307abdf\" data-element_type=\"widget\" data-e-type=\"widget\" data-settings=\"{&quot;_animation&quot;:&quot;fadeInLeft&quot;}\" data-widget_type=\"image-box.default\">\n\t\t\t\t<div class=\"elementor-widget-container\">\n\t\t\t\t\t<div class=\"elementor-image-box-wrapper\"><figure class=\"elementor-image-box-img\"><img decoding=\"async\" width=\"1080\" height=\"1080\" src=\"https:\/\/firsttelemed.com\/wp-content\/uploads\/2020\/05\/Light-Blue-Eggs-Easter-Sale-Instagram-Post-21.png\" class=\"attachment-full size-full wp-image-2444\" alt=\"\" srcset=\"https:\/\/firsttelemed.com\/wp-content\/uploads\/2020\/05\/Light-Blue-Eggs-Easter-Sale-Instagram-Post-21.png 1080w, https:\/\/firsttelemed.com\/wp-content\/uploads\/2020\/05\/Light-Blue-Eggs-Easter-Sale-Instagram-Post-21-300x300.png 300w, https:\/\/firsttelemed.com\/wp-content\/uploads\/2020\/05\/Light-Blue-Eggs-Easter-Sale-Instagram-Post-21-100x100.png 100w, https:\/\/firsttelemed.com\/wp-content\/uploads\/2020\/05\/Light-Blue-Eggs-Easter-Sale-Instagram-Post-21-600x600.png 600w, https:\/\/firsttelemed.com\/wp-content\/uploads\/2020\/05\/Light-Blue-Eggs-Easter-Sale-Instagram-Post-21-1024x1024.png 1024w, https:\/\/firsttelemed.com\/wp-content\/uploads\/2020\/05\/Light-Blue-Eggs-Easter-Sale-Instagram-Post-21-150x150.png 150w, https:\/\/firsttelemed.com\/wp-content\/uploads\/2020\/05\/Light-Blue-Eggs-Easter-Sale-Instagram-Post-21-768x768.png 768w\" sizes=\"(max-width: 1080px) 100vw, 1080px\" \/><\/figure><div class=\"elementor-image-box-content\"><h3 class=\"elementor-image-box-title\">Endokrinol\u00f3gia<\/h3><p class=\"elementor-image-box-description\">Diab\u00e9tesszel, pajzsmirigy probl\u00e9m\u00e1kkal \u00e9s egy\u00e9b kr\u00f3nikus betegs\u00e9gekkel k\u00fczd\u0151 p\u00e1ciensek ell\u00e1t\u00e1s\u00e1ra. Magas v\u00e9rnyom\u00e1s \u00e9s hormon betegs\u00e9gek kezel\u00e9s\u00e9re.<\/p><\/div><\/div>\t\t\t\t<\/div>\n\t\t\t\t<\/div>\n\t\t\t\t\t<\/div>\n\t\t<\/div>\n\t\t\t\t<div class=\"elementor-column elementor-col-50 elementor-top-column elementor-element elementor-element-13944446\" data-id=\"13944446\" data-element_type=\"column\" data-e-type=\"column\">\n\t\t\t<div class=\"elementor-widget-wrap elementor-element-populated\">\n\t\t\t\t\t\t<div class=\"elementor-element elementor-element-0e83710 elementor-position-left elementor-vertical-align-top elementor-invisible elementor-widget elementor-widget-image-box\" data-id=\"0e83710\" data-element_type=\"widget\" data-e-type=\"widget\" data-settings=\"{&quot;_animation&quot;:&quot;fadeInRight&quot;}\" data-widget_type=\"image-box.default\">\n\t\t\t\t<div class=\"elementor-widget-container\">\n\t\t\t\t\t<div class=\"elementor-image-box-wrapper\"><figure class=\"elementor-image-box-img\"><img loading=\"lazy\" decoding=\"async\" width=\"1080\" height=\"1080\" src=\"https:\/\/firsttelemed.com\/wp-content\/uploads\/2020\/05\/Light-Blue-Eggs-Easter-Sale-Instagram-Post-23.png\" class=\"attachment-full size-full wp-image-2448\" alt=\"\" srcset=\"https:\/\/firsttelemed.com\/wp-content\/uploads\/2020\/05\/Light-Blue-Eggs-Easter-Sale-Instagram-Post-23.png 1080w, https:\/\/firsttelemed.com\/wp-content\/uploads\/2020\/05\/Light-Blue-Eggs-Easter-Sale-Instagram-Post-23-300x300.png 300w, https:\/\/firsttelemed.com\/wp-content\/uploads\/2020\/05\/Light-Blue-Eggs-Easter-Sale-Instagram-Post-23-100x100.png 100w, https:\/\/firsttelemed.com\/wp-content\/uploads\/2020\/05\/Light-Blue-Eggs-Easter-Sale-Instagram-Post-23-600x600.png 600w, https:\/\/firsttelemed.com\/wp-content\/uploads\/2020\/05\/Light-Blue-Eggs-Easter-Sale-Instagram-Post-23-1024x1024.png 1024w, https:\/\/firsttelemed.com\/wp-content\/uploads\/2020\/05\/Light-Blue-Eggs-Easter-Sale-Instagram-Post-23-150x150.png 150w, https:\/\/firsttelemed.com\/wp-content\/uploads\/2020\/05\/Light-Blue-Eggs-Easter-Sale-Instagram-Post-23-768x768.png 768w\" sizes=\"(max-width: 1080px) 100vw, 1080px\" \/><\/figure><div class=\"elementor-image-box-content\"><h3 class=\"elementor-image-box-title\">Diabetol\u00f3gia<\/h3><p class=\"elementor-image-box-description\">Seg\u00edt a diab\u00e9tesszel k\u00fczd\u0151 p\u00e1cienseknek a v\u00e9rcukorszint, v\u00e9rnyom\u00e1s, \u00e9s az alacsony- \u00e9s magas s\u0171r\u0171s\u00e9g\u0171 lipoproteinek kontroll\u00e1l\u00e1s\u00e1ban.<\/p><\/div><\/div>\t\t\t\t<\/div>\n\t\t\t\t<\/div>\n\t\t\t\t<div class=\"elementor-element elementor-element-f45deac elementor-widget elementor-widget-spacer\" data-id=\"f45deac\" data-element_type=\"widget\" data-e-type=\"widget\" data-widget_type=\"spacer.default\">\n\t\t\t\t<div class=\"elementor-widget-container\">\n\t\t\t\t\t\t\t<div class=\"elementor-spacer\">\n\t\t\t<div class=\"elementor-spacer-inner\"><\/div>\n\t\t<\/div>\n\t\t\t\t\t\t<\/div>\n\t\t\t\t<\/div>\n\t\t\t\t<div class=\"elementor-element elementor-element-38fdcab elementor-position-left elementor-vertical-align-top elementor-invisible elementor-widget elementor-widget-image-box\" data-id=\"38fdcab\" data-element_type=\"widget\" data-e-type=\"widget\" data-settings=\"{&quot;_animation&quot;:&quot;fadeInRight&quot;}\" data-widget_type=\"image-box.default\">\n\t\t\t\t<div class=\"elementor-widget-container\">\n\t\t\t\t\t<div class=\"elementor-image-box-wrapper\"><figure class=\"elementor-image-box-img\"><img loading=\"lazy\" decoding=\"async\" width=\"1080\" height=\"1080\" src=\"https:\/\/firsttelemed.com\/wp-content\/uploads\/2020\/05\/Light-Blue-Eggs-Easter-Sale-Instagram-Post-26.png\" class=\"attachment-full size-full wp-image-2469\" alt=\"\" srcset=\"https:\/\/firsttelemed.com\/wp-content\/uploads\/2020\/05\/Light-Blue-Eggs-Easter-Sale-Instagram-Post-26.png 1080w, https:\/\/firsttelemed.com\/wp-content\/uploads\/2020\/05\/Light-Blue-Eggs-Easter-Sale-Instagram-Post-26-300x300.png 300w, https:\/\/firsttelemed.com\/wp-content\/uploads\/2020\/05\/Light-Blue-Eggs-Easter-Sale-Instagram-Post-26-100x100.png 100w, https:\/\/firsttelemed.com\/wp-content\/uploads\/2020\/05\/Light-Blue-Eggs-Easter-Sale-Instagram-Post-26-600x600.png 600w, https:\/\/firsttelemed.com\/wp-content\/uploads\/2020\/05\/Light-Blue-Eggs-Easter-Sale-Instagram-Post-26-1024x1024.png 1024w, https:\/\/firsttelemed.com\/wp-content\/uploads\/2020\/05\/Light-Blue-Eggs-Easter-Sale-Instagram-Post-26-150x150.png 150w, https:\/\/firsttelemed.com\/wp-content\/uploads\/2020\/05\/Light-Blue-Eggs-Easter-Sale-Instagram-Post-26-768x768.png 768w\" sizes=\"(max-width: 1080px) 100vw, 1080px\" \/><\/figure><div class=\"elementor-image-box-content\"><h3 class=\"elementor-image-box-title\">N\u0151gy\u00f3gy\u00e1szat <\/h3><p class=\"elementor-image-box-description\">Alkalmas a gy\u00f3gyszerek kezel\u00e9s\u00e9re, m\u0171t\u00e9t ut\u00e1ni ell\u00e1t\u00e1sban seg\u00edts\u00e9get ny\u00fajt. Emellett labor eredm\u00e9nynek megbesz\u00e9l\u00e9s\u00e9re, \u00e9s panaszok kezel\u00e9s\u00e9re, -mint p\u00e9ld\u00e1ul terhess\u00e9gi cukorbetegs\u00e9g vagy a sz\u00fcl\u00e9s ut\u00e1ni depresszi\u00f3- is t\u00f6k\u00e9letes <\/p><\/div><\/div>\t\t\t\t<\/div>\n\t\t\t\t<\/div>\n\t\t\t\t\t<\/div>\n\t\t<\/div>\n\t\t\t\t\t<\/div>\n\t\t<\/section>\n\t\t\t\t<section class=\"elementor-section elementor-top-section elementor-element elementor-element-738bf15 elementor-section-boxed elementor-section-height-default elementor-section-height-default\" data-id=\"738bf15\" data-element_type=\"section\" data-e-type=\"section\">\n\t\t\t\t\t\t<div class=\"elementor-container elementor-column-gap-wider\">\n\t\t\t\t\t<div class=\"elementor-column elementor-col-50 elementor-top-column elementor-element elementor-element-7f58522\" data-id=\"7f58522\" data-element_type=\"column\" data-e-type=\"column\">\n\t\t\t<div class=\"elementor-widget-wrap elementor-element-populated\">\n\t\t\t\t\t\t<div class=\"elementor-element elementor-element-71b3e89 elementor-position-left elementor-vertical-align-top elementor-invisible elementor-widget elementor-widget-image-box\" data-id=\"71b3e89\" data-element_type=\"widget\" data-e-type=\"widget\" data-settings=\"{&quot;_animation&quot;:&quot;fadeInLeft&quot;}\" data-widget_type=\"image-box.default\">\n\t\t\t\t<div class=\"elementor-widget-container\">\n\t\t\t\t\t<div class=\"elementor-image-box-wrapper\"><figure class=\"elementor-image-box-img\"><img loading=\"lazy\" decoding=\"async\" width=\"1080\" height=\"1080\" src=\"https:\/\/firsttelemed.com\/wp-content\/uploads\/2020\/05\/Light-Blue-Eggs-Easter-Sale-Instagram-Post-19.png\" class=\"attachment-full size-full wp-image-2438\" alt=\"\" srcset=\"https:\/\/firsttelemed.com\/wp-content\/uploads\/2020\/05\/Light-Blue-Eggs-Easter-Sale-Instagram-Post-19.png 1080w, https:\/\/firsttelemed.com\/wp-content\/uploads\/2020\/05\/Light-Blue-Eggs-Easter-Sale-Instagram-Post-19-300x300.png 300w, https:\/\/firsttelemed.com\/wp-content\/uploads\/2020\/05\/Light-Blue-Eggs-Easter-Sale-Instagram-Post-19-100x100.png 100w, https:\/\/firsttelemed.com\/wp-content\/uploads\/2020\/05\/Light-Blue-Eggs-Easter-Sale-Instagram-Post-19-600x600.png 600w, https:\/\/firsttelemed.com\/wp-content\/uploads\/2020\/05\/Light-Blue-Eggs-Easter-Sale-Instagram-Post-19-1024x1024.png 1024w, https:\/\/firsttelemed.com\/wp-content\/uploads\/2020\/05\/Light-Blue-Eggs-Easter-Sale-Instagram-Post-19-150x150.png 150w, https:\/\/firsttelemed.com\/wp-content\/uploads\/2020\/05\/Light-Blue-Eggs-Easter-Sale-Instagram-Post-19-768x768.png 768w\" sizes=\"(max-width: 1080px) 100vw, 1080px\" \/><\/figure><div class=\"elementor-image-box-content\"><h3 class=\"elementor-image-box-title\">Pulmonol\u00f3gia<\/h3><p class=\"elementor-image-box-description\">Folyamatos ell\u00e1t\u00e1st biztos\u00edt obstrukt\u00edv t\u00fcd\u0151betegs\u00e9ggel, asztm\u00e1val, h\u00f6rghuruttal k\u00fczd\u0151 betegek sz\u00e1m\u00e1ra. Illetve mechanikus l\u00e9legeztet\u0151t ig\u00e9nyl\u0151 betegek sz\u00e1m\u00e1ra<\/p><\/div><\/div>\t\t\t\t<\/div>\n\t\t\t\t<\/div>\n\t\t\t\t<div class=\"elementor-element elementor-element-ab5a1ff elementor-widget elementor-widget-spacer\" data-id=\"ab5a1ff\" data-element_type=\"widget\" data-e-type=\"widget\" data-widget_type=\"spacer.default\">\n\t\t\t\t<div class=\"elementor-widget-container\">\n\t\t\t\t\t\t\t<div class=\"elementor-spacer\">\n\t\t\t<div class=\"elementor-spacer-inner\"><\/div>\n\t\t<\/div>\n\t\t\t\t\t\t<\/div>\n\t\t\t\t<\/div>\n\t\t\t\t<div class=\"elementor-element elementor-element-8cf780a elementor-position-left elementor-vertical-align-top elementor-invisible elementor-widget elementor-widget-image-box\" data-id=\"8cf780a\" data-element_type=\"widget\" data-e-type=\"widget\" data-settings=\"{&quot;_animation&quot;:&quot;fadeInLeft&quot;}\" data-widget_type=\"image-box.default\">\n\t\t\t\t<div class=\"elementor-widget-container\">\n\t\t\t\t\t<div class=\"elementor-image-box-wrapper\"><figure class=\"elementor-image-box-img\"><img loading=\"lazy\" decoding=\"async\" width=\"1080\" height=\"1080\" src=\"https:\/\/firsttelemed.com\/wp-content\/uploads\/2020\/05\/Light-Blue-Eggs-Easter-Sale-Instagram-Post-39.png\" class=\"attachment-full size-full wp-image-2702\" alt=\"\" srcset=\"https:\/\/firsttelemed.com\/wp-content\/uploads\/2020\/05\/Light-Blue-Eggs-Easter-Sale-Instagram-Post-39.png 1080w, https:\/\/firsttelemed.com\/wp-content\/uploads\/2020\/05\/Light-Blue-Eggs-Easter-Sale-Instagram-Post-39-300x300.png 300w, https:\/\/firsttelemed.com\/wp-content\/uploads\/2020\/05\/Light-Blue-Eggs-Easter-Sale-Instagram-Post-39-100x100.png 100w, https:\/\/firsttelemed.com\/wp-content\/uploads\/2020\/05\/Light-Blue-Eggs-Easter-Sale-Instagram-Post-39-600x600.png 600w, https:\/\/firsttelemed.com\/wp-content\/uploads\/2020\/05\/Light-Blue-Eggs-Easter-Sale-Instagram-Post-39-1024x1024.png 1024w, https:\/\/firsttelemed.com\/wp-content\/uploads\/2020\/05\/Light-Blue-Eggs-Easter-Sale-Instagram-Post-39-150x150.png 150w, https:\/\/firsttelemed.com\/wp-content\/uploads\/2020\/05\/Light-Blue-Eggs-Easter-Sale-Instagram-Post-39-768x768.png 768w\" sizes=\"(max-width: 1080px) 100vw, 1080px\" \/><\/figure><div class=\"elementor-image-box-content\"><h3 class=\"elementor-image-box-title\">Eredm\u00e9nyek megbesz\u00e9l\u00e9se<\/h3><p class=\"elementor-image-box-description\"><span style=\"text-align: center\">Valamelyik szakorvosunk \u00e1ltal elrendelt vizsg\u00e1latok eredm\u00e9ny\u00e9nek megbesz\u00e9l\u00e9s\u00e9re.<\/span><span style=\"text-align: center\"><\/span>.<\/p><\/div><\/div>\t\t\t\t<\/div>\n\t\t\t\t<\/div>\n\t\t\t\t\t<\/div>\n\t\t<\/div>\n\t\t\t\t<div class=\"elementor-column elementor-col-50 elementor-top-column elementor-element elementor-element-491c8d3\" data-id=\"491c8d3\" data-element_type=\"column\" data-e-type=\"column\">\n\t\t\t<div class=\"elementor-widget-wrap elementor-element-populated\">\n\t\t\t\t\t\t<div class=\"elementor-element elementor-element-45457c4 elementor-position-left elementor-vertical-align-top elementor-invisible elementor-widget elementor-widget-image-box\" data-id=\"45457c4\" data-element_type=\"widget\" data-e-type=\"widget\" data-settings=\"{&quot;_animation&quot;:&quot;fadeInRight&quot;}\" data-widget_type=\"image-box.default\">\n\t\t\t\t<div class=\"elementor-widget-container\">\n\t\t\t\t\t<div class=\"elementor-image-box-wrapper\"><figure class=\"elementor-image-box-img\"><img loading=\"lazy\" decoding=\"async\" width=\"1080\" height=\"1080\" src=\"https:\/\/firsttelemed.com\/wp-content\/uploads\/2020\/05\/Light-Blue-Eggs-Easter-Sale-Instagram-Post-27.png\" class=\"attachment-full size-full wp-image-2472\" alt=\"\" srcset=\"https:\/\/firsttelemed.com\/wp-content\/uploads\/2020\/05\/Light-Blue-Eggs-Easter-Sale-Instagram-Post-27.png 1080w, https:\/\/firsttelemed.com\/wp-content\/uploads\/2020\/05\/Light-Blue-Eggs-Easter-Sale-Instagram-Post-27-300x300.png 300w, https:\/\/firsttelemed.com\/wp-content\/uploads\/2020\/05\/Light-Blue-Eggs-Easter-Sale-Instagram-Post-27-100x100.png 100w, https:\/\/firsttelemed.com\/wp-content\/uploads\/2020\/05\/Light-Blue-Eggs-Easter-Sale-Instagram-Post-27-600x600.png 600w, https:\/\/firsttelemed.com\/wp-content\/uploads\/2020\/05\/Light-Blue-Eggs-Easter-Sale-Instagram-Post-27-1024x1024.png 1024w, https:\/\/firsttelemed.com\/wp-content\/uploads\/2020\/05\/Light-Blue-Eggs-Easter-Sale-Instagram-Post-27-150x150.png 150w, https:\/\/firsttelemed.com\/wp-content\/uploads\/2020\/05\/Light-Blue-Eggs-Easter-Sale-Instagram-Post-27-768x768.png 768w\" sizes=\"(max-width: 1080px) 100vw, 1080px\" \/><\/figure><div class=\"elementor-image-box-content\"><h3 class=\"elementor-image-box-title\">Urol\u00f3gia<\/h3><p class=\"elementor-image-box-description\">Alkalmas a kr\u00f3nikus h\u00fagy\u00fati probl\u00e9m\u00e1kkal k\u00fczd\u0151 f\u00e9rfiak \u00e9s n\u0151k sz\u00e1m\u00e1ra. Illetve a f\u00e9rfi reprodukt\u00edv rendszert \u00e9rint\u0151 panaszok kezel\u00e9s\u00e9re.<\/p><\/div><\/div>\t\t\t\t<\/div>\n\t\t\t\t<\/div>\n\t\t\t\t<div class=\"elementor-element elementor-element-b070e30 elementor-widget elementor-widget-spacer\" data-id=\"b070e30\" data-element_type=\"widget\" data-e-type=\"widget\" data-widget_type=\"spacer.default\">\n\t\t\t\t<div class=\"elementor-widget-container\">\n\t\t\t\t\t\t\t<div class=\"elementor-spacer\">\n\t\t\t<div class=\"elementor-spacer-inner\"><\/div>\n\t\t<\/div>\n\t\t\t\t\t\t<\/div>\n\t\t\t\t<\/div>\n\t\t\t\t\t<\/div>\n\t\t<\/div>\n\t\t\t\t\t<\/div>\n\t\t<\/section>\n\t\t\t\t<\/div>","protected":false},"excerpt":{"rendered":"<p>Specialized Medicine With increased focus on patient engagement and preventative medicine, virtual visits with specialty care providers has become an integral part of the healthcare delivery continuum. Frequent follow-up and more involved care management can be effectively utilized with telemedicine. Book Appointment Telemedicine Specialties Cardiology To manage treatment plans for patients with congenital heart defects [&hellip;]<\/p>","protected":false},"author":1,"featured_media":0,"parent":0,"menu_order":0,"comment_status":"closed","ping_status":"closed","template":"elementor_header_footer","meta":{"footnotes":""},"class_list":["post-1672","page","type-page","status-publish","hentry"],"_links":{"self":[{"href":"https:\/\/firsttelemed.com\/hu\/wp-json\/wp\/v2\/pages\/1672"}],"collection":[{"href":"https:\/\/firsttelemed.com\/hu\/wp-json\/wp\/v2\/pages"}],"about":[{"href":"https:\/\/firsttelemed.com\/hu\/wp-json\/wp\/v2\/types\/page"}],"author":[{"embeddable":true,"href":"https:\/\/firsttelemed.com\/hu\/wp-json\/wp\/v2\/users\/1"}],"replies":[{"embeddable":true,"href":"https:\/\/firsttelemed.com\/hu\/wp-json\/wp\/v2\/comments?post=1672"}],"version-history":[{"count":84,"href":"https:\/\/firsttelemed.com\/hu\/wp-json\/wp\/v2\/pages\/1672\/revisions"}],"predecessor-version":[{"id":3795,"href":"https:\/\/firsttelemed.com\/hu\/wp-json\/wp\/v2\/pages\/1672\/revisions\/3795"}],"wp:attachment":[{"href":"https:\/\/firsttelemed.com\/hu\/wp-json\/wp\/v2\/media?parent=1672"}],"curies":[{"name":"wp","href":"https:\/\/api.w.org\/{rel}","templated":true}]}}